{"id":31,"date":"2025-03-28T16:10:30","date_gmt":"2025-03-28T19:10:30","guid":{"rendered":"https:\/\/innovacon.simplificandotuweb.com\/?page_id=31"},"modified":"2026-01-26T16:41:39","modified_gmt":"2026-01-26T15:41:39","slug":"politica-de-privacidad","status":"publish","type":"page","link":"https:\/\/autosbela.com\/ca\/politica-de-privacidad\/","title":{"rendered":"Pol\u00edtica de Privadesa"},"content":{"rendered":"\t\t<div data-elementor-type=\"wp-page\" data-elementor-id=\"31\" class=\"elementor elementor-31\" data-elementor-post-type=\"page\">\n\t\t\t\t<div class=\"elementor-element elementor-element-2281aa8 e-flex e-con-boxed e-con e-parent\" data-id=\"2281aa8\" data-element_type=\"container\" data-e-type=\"container\" data-settings=\"{&quot;background_background&quot;:&quot;classic&quot;}\">\n\t\t\t\t\t<div class=\"e-con-inner\">\n\t\t\t\t<div class=\"elementor-element elementor-element-ce2e8f0 elementor-widget elementor-widget-heading\" data-id=\"ce2e8f0\" data-element_type=\"widget\" data-e-type=\"widget\" data-widget_type=\"heading.default\">\n\t\t\t\t<div class=\"elementor-widget-container\">\n\t\t\t\t\t<h1 class=\"elementor-heading-title elementor-size-default\">Pol\u00edtica de Privacidad<\/h1>\t\t\t\t<\/div>\n\t\t\t\t<\/div>\n\t\t\t\t<div class=\"elementor-element elementor-element-096b023 elementor-icon-list--layout-inline elementor-align-center elementor-list-item-link-full_width elementor-widget elementor-widget-icon-list\" data-id=\"096b023\" data-element_type=\"widget\" data-e-type=\"widget\" data-widget_type=\"icon-list.default\">\n\t\t\t\t<div class=\"elementor-widget-container\">\n\t\t\t\t\t\t\t<ul class=\"elementor-icon-list-items elementor-inline-items\">\n\t\t\t\t\t\t\t<li class=\"elementor-icon-list-item elementor-inline-item\">\n\t\t\t\t\t\t\t\t\t\t\t<a href=\"https:\/\/autosbela.com\/ca\">\n\n\t\t\t\t\t\t\t\t\t\t\t<span class=\"elementor-icon-list-text\">Inicio<\/span>\n\t\t\t\t\t\t\t\t\t\t\t<\/a>\n\t\t\t\t\t\t\t\t\t<\/li>\n\t\t\t\t\t\t\t\t<li class=\"elementor-icon-list-item elementor-inline-item\">\n\t\t\t\t\t\t\t\t\t\t\t<a href=\"https:\/\/autosbela.com\/ca\/politica-de-privacidad\/\">\n\n\t\t\t\t\t\t\t\t\t\t\t\t<span class=\"elementor-icon-list-icon\">\n\t\t\t\t\t\t\t<svg aria-hidden=\"true\" class=\"e-font-icon-svg e-fas-angle-double-right\" viewBox=\"0 0 448 512\" xmlns=\"http:\/\/www.w3.org\/2000\/svg\"><path d=\"M224.3 273l-136 136c-9.4 9.4-24.6 9.4-33.9 0l-22.6-22.6c-9.4-9.4-9.4-24.6 0-33.9l96.4-96.4-96.4-96.4c-9.4-9.4-9.4-24.6 0-33.9L54.3 103c9.4-9.4 24.6-9.4 33.9 0l136 136c9.5 9.4 9.5 24.6.1 34zm192-34l-136-136c-9.4-9.4-24.6-9.4-33.9 0l-22.6 22.6c-9.4 9.4-9.4 24.6 0 33.9l96.4 96.4-96.4 96.4c-9.4 9.4-9.4 24.6 0 33.9l22.6 22.6c9.4 9.4 24.6 9.4 33.9 0l136-136c9.4-9.2 9.4-24.4 0-33.8z\"><\/path><\/svg>\t\t\t\t\t\t<\/span>\n\t\t\t\t\t\t\t\t\t\t<span class=\"elementor-icon-list-text\">Pol\u00edtica de Privacidad<\/span>\n\t\t\t\t\t\t\t\t\t\t\t<\/a>\n\t\t\t\t\t\t\t\t\t<\/li>\n\t\t\t\t\t\t<\/ul>\n\t\t\t\t\t\t<\/div>\n\t\t\t\t<\/div>\n\t\t\t\t\t<\/div>\n\t\t\t\t<\/div>\n\t\t<div class=\"elementor-element elementor-element-435f93 e-flex e-con-boxed e-con e-parent\" data-id=\"435f93\" data-element_type=\"container\" data-e-type=\"container\">\n\t\t\t\t\t<div class=\"e-con-inner\">\n\t\t\t\t<div class=\"elementor-element elementor-element-7a92f476 elementor-widget elementor-widget-text-editor\" data-id=\"7a92f476\" data-element_type=\"widget\" data-e-type=\"widget\" data-widget_type=\"text-editor.default\">\n\t\t\t\t<div class=\"elementor-widget-container\">\n\t\t\t\t\t\t\t\t\t\n<p><strong>1.- INFORMACI\u00d3N AL USUARIO<\/strong><\/p>\n\n<p>El sitio web informa a los usuarios del sitio web sobre su pol\u00edtica respecto al tratamiento y protecci\u00f3n de los datos de car\u00e1cter personal de los usuarios y clientes que puedan ser solicitados por la navegaci\u00f3n a trav\u00e9s de su sitio web.<\/p>\n\n<p>El sitio web es el Responsable del tratamiento de los datos personales del usuario, por lo que se le facilita la siguiente informaci\u00f3n referente al tratamiento de sus datos:<\/p>\n\n<p><strong>Criterios de conservaci\u00f3n de los datos:<\/strong>\u00a0Los datos personales proporcionados se conservar\u00e1n hasta que no se solicite la suspensi\u00f3n por parte del interesado, ejerciendo sus derechos sobre los datos, y en cualquier caso en cumplimiento de plazos legales de prescripci\u00f3n que le sean aplicables.<\/p>\n\n<p><strong>Derechos de los interesados:<\/strong><\/p>\n\n<p>Derecho a retirar su consentimiento en cualquier momento.<br \/>Derecho de acceso, rectificaci\u00f3n, supresi\u00f3n, portabilidad de sus datos, ya la limitaci\u00f3n u oposici\u00f3n de su tratamiento, as\u00ed como no ser objeto de decisiones individuales automatizadas.<\/p>\n\n<p><strong>Datos de contacto para ejercer sus derechos:<\/strong><\/p>\n\n<p>Se debe identificar debidamente y solicitar claramente el derecho de ejercer.<\/p>\n\n<ul class=\"wp-block-list\">\n<li><strong>Empresa: <\/strong>JONATHAN BELMONTE LARI\u00d1O<strong><br \/><\/strong><\/li>\n<li><strong>NIF:<\/strong> 4549623B<\/li>\n<li><strong>Responsable: <\/strong>JONATHAN BELMONTE LARI\u00d1O<\/li>\n<li><strong>Domicilio: <\/strong>CALLE SORIA 2<\/li>\n<li><strong>CP y Poblaci\u00f3n:<\/strong>\u00a028002 AJALVIR, MADRID<\/li>\n<li><strong>Tel\u00e9fono:<\/strong>\u00a0 +34685181987<\/li>\n<li><strong>Email:<\/strong> <strong>[opcion_jet_email_link]<\/strong><\/li>\n<\/ul>\n\n<p>\u00a0<\/p>\n<p><strong>2.- INFORMACI\u00d3N FACILITADA POR EL USUARIO<\/strong><\/p>\n\n<p>Si es menor de 18 a\u00f1os, no est\u00e1 permitido el uso de formularios en nuestra web.<\/p>\n\n<p>Los Usuarios, introduciendo sus datos en los formularios de contacto o presentados en formularios de descarga, aceptan expresamente y de forma libre e inequ\u00edvoca, que sus datos son necesarios para atender su petici\u00f3n, por parte del Responsable, siendo voluntaria la inclusi\u00f3n de datos en los campos restantes.<\/p>\n\n<p>El Usuario garantiza que los datos personales facilitados son veraces y se hace responsable de comunicar cualquier modificaci\u00f3n.<\/p>\n\n<p>Todos los datos solicitados a trav\u00e9s del sitio web son necesarios para prestar un servicio \u00f3ptimo al Usuario. En caso de que no se faciliten todos los datos, no se garantiza que la informaci\u00f3n y servicios que El Responsable le facilite, sean completamente ajustados a sus necesidades.<\/p>\n\n<p><strong>3.- MEDIDAS DE SEGURIDAD<\/strong><\/p>\n\n<p>Que de conformidad con lo que disponen las normativas vigentes en materia de protecci\u00f3n de datos personales, El Responsable est\u00e1 cumpliendo con todas las disposiciones de las normativas RGPD y LOPD para el tratamiento de los datos personales de su responsabilidad, las cuales son tratadas de forma l\u00edcita, leal y transparente en relaci\u00f3n con el interesado y adecuados, pertinentes y limitados a lo necesario en relaci\u00f3n con los fines para los que son tratados.<\/p>\n\n<p>El Responsable garantiza que ha implementado pol\u00edticas t\u00e9cnicas y organizativas apropiadas para aplicar las medidas de seguridad establecidas por el RGPD y la LOPD para proteger los derechos y libertades de los Usuarios y les ha comunicado la informaci\u00f3n adecuada para que puedan ejercerlos.<\/p>\n\n<p><strong>4.- BRECHAS DE SEGURIDAD<\/strong><\/p>\n\n<p>El Responsable informar\u00e1 sobre cualquier brecha de seguridad que afecte a la base de datos que utiliza este sitio web, o que afecte a cualquiera de nuestros servicios de terceros, todas y cada una de las personas, datos de los que puedan haber sido afectados, y autoridades, dentro de las 72 horas siguientes a la detecci\u00f3n de la brecha.<\/p>\n\n<p><strong>LEGISLACI\u00d3N APLICABLE Y JURISDICCI\u00d3N<\/strong><\/p>\n\n<p>Para la resoluci\u00f3n de todas las controversias o cuestiones relacionadas con el presente sitio web o de las actividades que se desarrollen, ser\u00e1 de aplicaci\u00f3n la legislaci\u00f3n espa\u00f1ola, a la que se someten expresamente las partes, siendo competentes para la resoluci\u00f3n de todos los conflictos derivados o relacionados con el uso de los Juzgados y Tribunales de Barcelona.<\/p>\n\t\t\t\t\t\t\t\t<\/div>\n\t\t\t\t<\/div>\n\t\t\t\t\t<\/div>\n\t\t\t\t<\/div>\n\t\t\t\t<\/div>\n\t\t","protected":false},"excerpt":{"rendered":"<p>Inicio 1.- INFORMACI\u00d3N AL USUARIO El sitio web informa a los usuarios del sitio web sobre su pol\u00edtica respecto al tratamiento y protecci\u00f3n de los datos de car\u00e1cter personal de los usuarios y clientes que puedan ser solicitados por la navegaci\u00f3n a trav\u00e9s de su sitio web. El sitio web es el Responsable del tratamiento [&hellip;]<\/p>\n","protected":false},"author":1,"featured_media":0,"parent":0,"menu_order":0,"comment_status":"closed","ping_status":"closed","template":"","meta":{"footnotes":""},"class_list":["post-31","page","type-page","status-publish","hentry"],"yoast_head":"<!-- This site is optimized with the Yoast SEO plugin v27.3 - https:\/\/yoast.com\/product\/yoast-seo-wordpress\/ -->\n<title>Pol\u00edtica de Privacidad - Autos Bela<\/title>\n<meta name=\"robots\" content=\"index, follow, max-snippet:-1, max-image-preview:large, max-video-preview:-1\" \/>\n<link rel=\"canonical\" href=\"https:\/\/autosbela.com\/ca\/politica-de-privacidad\/\" \/>\n<meta property=\"og:locale\" content=\"ca_ES\" \/>\n<meta property=\"og:type\" content=\"article\" \/>\n<meta property=\"og:title\" content=\"Pol\u00edtica de Privacidad - Autos Bela\" \/>\n<meta property=\"og:description\" content=\"Inicio 1.- INFORMACI\u00d3N AL USUARIO El sitio web informa a los usuarios del sitio web sobre su pol\u00edtica respecto al tratamiento y protecci\u00f3n de los datos de car\u00e1cter personal de los usuarios y clientes que puedan ser solicitados por la navegaci\u00f3n a trav\u00e9s de su sitio web. El sitio web es el Responsable del tratamiento [&hellip;]\" \/>\n<meta property=\"og:url\" content=\"https:\/\/autosbela.com\/ca\/politica-de-privacidad\/\" \/>\n<meta property=\"og:site_name\" content=\"Autos Bela\" \/>\n<meta property=\"article:modified_time\" content=\"2026-01-26T15:41:39+00:00\" \/>\n<meta name=\"twitter:card\" content=\"summary_large_image\" \/>\n<meta name=\"twitter:label1\" content=\"Temps estimat de lectura\" \/>\n\t<meta name=\"twitter:data1\" content=\"3 minuts\" \/>\n<script type=\"application\/ld+json\" class=\"yoast-schema-graph\">{\"@context\":\"https:\\\/\\\/schema.org\",\"@graph\":[{\"@type\":\"WebPage\",\"@id\":\"https:\\\/\\\/autosbela.com\\\/politica-de-privacidad\\\/\",\"url\":\"https:\\\/\\\/autosbela.com\\\/politica-de-privacidad\\\/\",\"name\":\"Pol\u00edtica de Privacidad - Autos Bela\",\"isPartOf\":{\"@id\":\"https:\\\/\\\/autosbela.com\\\/#website\"},\"datePublished\":\"2025-03-28T19:10:30+00:00\",\"dateModified\":\"2026-01-26T15:41:39+00:00\",\"breadcrumb\":{\"@id\":\"https:\\\/\\\/autosbela.com\\\/politica-de-privacidad\\\/#breadcrumb\"},\"inLanguage\":\"ca\",\"potentialAction\":[{\"@type\":\"ReadAction\",\"target\":[\"https:\\\/\\\/autosbela.com\\\/politica-de-privacidad\\\/\"]}]},{\"@type\":\"BreadcrumbList\",\"@id\":\"https:\\\/\\\/autosbela.com\\\/politica-de-privacidad\\\/#breadcrumb\",\"itemListElement\":[{\"@type\":\"ListItem\",\"position\":1,\"name\":\"Portada\",\"item\":\"https:\\\/\\\/autosbela.com\\\/\"},{\"@type\":\"ListItem\",\"position\":2,\"name\":\"Pol\u00edtica de Privacidad\"}]},{\"@type\":\"WebSite\",\"@id\":\"https:\\\/\\\/autosbela.com\\\/#website\",\"url\":\"https:\\\/\\\/autosbela.com\\\/\",\"name\":\"Autos Bela\",\"description\":\"Tu pr\u00f3ximo coche te est\u00e1 esperando\",\"potentialAction\":[{\"@type\":\"SearchAction\",\"target\":{\"@type\":\"EntryPoint\",\"urlTemplate\":\"https:\\\/\\\/autosbela.com\\\/?s={search_term_string}\"},\"query-input\":{\"@type\":\"PropertyValueSpecification\",\"valueRequired\":true,\"valueName\":\"search_term_string\"}}],\"inLanguage\":\"ca\"}]}<\/script>\n<!-- \/ Yoast SEO plugin. -->","yoast_head_json":{"title":"Pol\u00edtica de Privacidad - Autos Bela","robots":{"index":"index","follow":"follow","max-snippet":"max-snippet:-1","max-image-preview":"max-image-preview:large","max-video-preview":"max-video-preview:-1"},"canonical":"https:\/\/autosbela.com\/ca\/politica-de-privacidad\/","og_locale":"ca_ES","og_type":"article","og_title":"Pol\u00edtica de Privacidad - Autos Bela","og_description":"Inicio 1.- INFORMACI\u00d3N AL USUARIO El sitio web informa a los usuarios del sitio web sobre su pol\u00edtica respecto al tratamiento y protecci\u00f3n de los datos de car\u00e1cter personal de los usuarios y clientes que puedan ser solicitados por la navegaci\u00f3n a trav\u00e9s de su sitio web. El sitio web es el Responsable del tratamiento [&hellip;]","og_url":"https:\/\/autosbela.com\/ca\/politica-de-privacidad\/","og_site_name":"Autos Bela","article_modified_time":"2026-01-26T15:41:39+00:00","twitter_card":"summary_large_image","twitter_misc":{"Temps estimat de lectura":"3 minuts"},"schema":{"@context":"https:\/\/schema.org","@graph":[{"@type":"WebPage","@id":"https:\/\/autosbela.com\/politica-de-privacidad\/","url":"https:\/\/autosbela.com\/politica-de-privacidad\/","name":"Pol\u00edtica de Privacidad - Autos Bela","isPartOf":{"@id":"https:\/\/autosbela.com\/#website"},"datePublished":"2025-03-28T19:10:30+00:00","dateModified":"2026-01-26T15:41:39+00:00","breadcrumb":{"@id":"https:\/\/autosbela.com\/politica-de-privacidad\/#breadcrumb"},"inLanguage":"ca","potentialAction":[{"@type":"ReadAction","target":["https:\/\/autosbela.com\/politica-de-privacidad\/"]}]},{"@type":"BreadcrumbList","@id":"https:\/\/autosbela.com\/politica-de-privacidad\/#breadcrumb","itemListElement":[{"@type":"ListItem","position":1,"name":"Portada","item":"https:\/\/autosbela.com\/"},{"@type":"ListItem","position":2,"name":"Pol\u00edtica de Privacidad"}]},{"@type":"WebSite","@id":"https:\/\/autosbela.com\/#website","url":"https:\/\/autosbela.com\/","name":"Autos Bela","description":"El teu proper cotxe t&#039;est\u00e0 esperant","potentialAction":[{"@type":"SearchAction","target":{"@type":"EntryPoint","urlTemplate":"https:\/\/autosbela.com\/?s={search_term_string}"},"query-input":{"@type":"PropertyValueSpecification","valueRequired":true,"valueName":"search_term_string"}}],"inLanguage":"ca"}]}},"_links":{"self":[{"href":"https:\/\/autosbela.com\/ca\/wp-json\/wp\/v2\/pages\/31","targetHints":{"allow":["GET"]}}],"collection":[{"href":"https:\/\/autosbela.com\/ca\/wp-json\/wp\/v2\/pages"}],"about":[{"href":"https:\/\/autosbela.com\/ca\/wp-json\/wp\/v2\/types\/page"}],"author":[{"embeddable":true,"href":"https:\/\/autosbela.com\/ca\/wp-json\/wp\/v2\/users\/1"}],"replies":[{"embeddable":true,"href":"https:\/\/autosbela.com\/ca\/wp-json\/wp\/v2\/comments?post=31"}],"version-history":[{"count":24,"href":"https:\/\/autosbela.com\/ca\/wp-json\/wp\/v2\/pages\/31\/revisions"}],"predecessor-version":[{"id":689,"href":"https:\/\/autosbela.com\/ca\/wp-json\/wp\/v2\/pages\/31\/revisions\/689"}],"wp:attachment":[{"href":"https:\/\/autosbela.com\/ca\/wp-json\/wp\/v2\/media?parent=31"}],"curies":[{"name":"wp","href":"https:\/\/api.w.org\/{rel}","templated":true}]}}